{"id":223,"date":"2020-12-21T13:53:31","date_gmt":"2020-12-21T13:53:31","guid":{"rendered":"http:\/\/kpvs.forma.sk\/?page_id=223"},"modified":"2025-08-03T14:18:34","modified_gmt":"2025-08-03T13:18:34","slug":"dokumenty","status":"publish","type":"page","link":"http:\/\/kpvs.forma.sk\/index.php\/dokumenty\/","title":{"rendered":"Dokumenty"},"content":{"rendered":"\t\t<div data-elementor-type=\"wp-page\" data-elementor-id=\"223\" class=\"elementor elementor-223\">\n\t\t\t\t\t\t<section class=\"elementor-section elementor-top-section elementor-element elementor-element-30c0850 elementor-section-boxed elementor-section-height-default elementor-section-height-default\" data-id=\"30c0850\" data-element_type=\"section\">\n\t\t\t\t\t\t<div class=\"elementor-container elementor-column-gap-default\">\n\t\t\t\t\t<div class=\"elementor-column elementor-col-100 elementor-top-column elementor-element elementor-element-e212164\" data-id=\"e212164\" data-element_type=\"column\">\n\t\t\t<div class=\"elementor-widget-wrap elementor-element-populated\">\n\t\t\t\t\t\t\t<\/div>\n\t\t<\/div>\n\t\t\t\t\t<\/div>\n\t\t<\/section>\n\t\t\t\t<section class=\"elementor-section elementor-top-section elementor-element elementor-element-569ed51 elementor-section-boxed elementor-section-height-default elementor-section-height-default\" data-id=\"569ed51\" data-element_type=\"section\">\n\t\t\t\t\t\t<div class=\"elementor-container elementor-column-gap-default\">\n\t\t\t\t\t<div class=\"elementor-column elementor-col-100 elementor-top-column elementor-element elementor-element-99f8d96\" data-id=\"99f8d96\" data-element_type=\"column\">\n\t\t\t<div class=\"elementor-widget-wrap elementor-element-populated\">\n\t\t\t\t\t\t<div class=\"elementor-element elementor-element-6ff8e74 elementor-widget elementor-widget-text-editor\" data-id=\"6ff8e74\" data-element_type=\"widget\" data-widget_type=\"text-editor.default\">\n\t\t\t\t<div class=\"elementor-widget-container\">\n\t\t\t<style>\/*! elementor - v3.22.0 - 26-06-2024 *\/\n.elementor-widget-text-editor.elementor-drop-cap-view-stacked .elementor-drop-cap{background-color:#69727d;color:#fff}.elementor-widget-text-editor.elementor-drop-cap-view-framed .elementor-drop-cap{color:#69727d;border:3px solid;background-color:transparent}.elementor-widget-text-editor:not(.elementor-drop-cap-view-default) .elementor-drop-cap{margin-top:8px}.elementor-widget-text-editor:not(.elementor-drop-cap-view-default) .elementor-drop-cap-letter{width:1em;height:1em}.elementor-widget-text-editor .elementor-drop-cap{float:left;text-align:center;line-height:1;font-size:50px}.elementor-widget-text-editor .elementor-drop-cap-letter{display:inline-block}<\/style>\t\t\t\t<p><b><a href=\"\/wp-content\/uploads\/2021\/02\/ZalozenieKPVS.pdf\" target=\"_blank\" rel=\"noopener\">Potvrdenie o zalo\u017een\u00ed Konfeder\u00e1cie politick\u00fdch v\u00e4z\u0148ov Slovenska<\/a><\/b><\/p><p><b><a href=\"http:\/\/kpvs.forma.sk\/wp-content\/uploads\/2025\/08\/StanovyKPVS.pdf\" target=\"_blank\" rel=\"noopener\">STANOVY Konfeder\u00e1cie politick\u00fdch v\u00e4z\u0148ov Slovenska<\/a><\/b><\/p><h3>PRIHL\u00c1\u0160KA<\/h3><p>Ak patr\u00edte k b\u00fdval\u00fdm politick\u00fdm v\u00e4z\u0148om, k pr\u00edslu\u0161n\u00edkom PTP, k n\u00e1silne odvle\u010den\u00fdm do ZSSR, k vys\u0165ahovan\u00fdm v r\u00e1mci Akcie B, k internovan\u00fdm reho\u013en\u00edkom, k inak prenasledovan\u00fdm komunistick\u00fdm re\u017eimom alebo ste ich man\u017eelom\/man\u017eelkou, synom\/dc\u00e9rou \u010di in\u00fdm rodinn\u00fdm pr\u00edslu\u0161n\u00edkom alebo ako sympatizant m\u00e1te z\u00e1ujem sta\u0165 sa \u010dlenom Konfeder\u00e1cie politick\u00fdch v\u00e4z\u0148ov Slovenska, m\u00f4\u017eete vyplni\u0165 nasledovn\u00fd formul\u00e1r prihl\u00e1\u0161ky. Z\u00e1rove\u0148 je mo\u017en\u00e9 prihl\u00e1si\u0165 sa k odberu \u010dasopisu Na\u0161e svedectvo, ktor\u00e9 vych\u00e1dza 6x ro\u010dne.<\/p><p>\u00a0<b><a href=\"\/wp-content\/uploads\/2021\/02\/Prihlaska.pdf\" target=\"_blank\" rel=\"noopener\">Prihl\u00e1\u0161ka za \u010dlena Konfeder\u00e1cie politick\u00fdch v\u00e4z\u0148ov Slovenska<\/a><\/b><\/p>\t\t\t\t\t\t<\/div>\n\t\t\t\t<\/div>\n\t\t\t\t\t<\/div>\n\t\t<\/div>\n\t\t\t\t\t<\/div>\n\t\t<\/section>\n\t\t\t\t<\/div>\n\t\t","protected":false},"excerpt":{"rendered":"<p>Potvrdenie o zalo\u017een\u00ed Konfeder\u00e1cie politick\u00fdch v\u00e4z\u0148ov Slovenska STANOVY Konfeder\u00e1cie politick\u00fdch v\u00e4z\u0148ov Slovenska PRIHL\u00c1\u0160KA Ak patr\u00edte k b\u00fdval\u00fdm politick\u00fdm v\u00e4z\u0148om, k pr\u00edslu\u0161n\u00edkom PTP, k n\u00e1silne odvle\u010den\u00fdm do ZSSR, k vys\u0165ahovan\u00fdm v r\u00e1mci Akcie B, k internovan\u00fdm reho\u013en\u00edkom, k inak prenasledovan\u00fdm komunistick\u00fdm re\u017eimom alebo ste ich man\u017eelom\/man\u017eelkou, synom\/dc\u00e9rou \u010di in\u00fdm rodinn\u00fdm pr\u00edslu\u0161n\u00edkom alebo ako sympatizant m\u00e1te z\u00e1ujem &hellip;<\/p>\n<p class=\"read-more\"> <a class=\"\" href=\"http:\/\/kpvs.forma.sk\/index.php\/dokumenty\/\"> <span class=\"screen-reader-text\">Dokumenty<\/span> Read More &raquo;<\/a><\/p>\n","protected":false},"author":1,"featured_media":0,"parent":0,"menu_order":0,"comment_status":"closed","ping_status":"closed","template":"","meta":{"_eb_attr":"","site-sidebar-layout":"no-sidebar","site-content-layout":"plain-container","ast-global-header-display":"","ast-main-header-display":"","ast-hfb-above-header-display":"","ast-hfb-below-header-display":"","ast-hfb-mobile-header-display":"","site-post-title":"","ast-breadcrumbs-content":"disabled","ast-featured-img":"disabled","footer-sml-layout":"","theme-transparent-header-meta":"default","adv-header-id-meta":"","stick-header-meta":"","header-above-stick-meta":"","header-main-stick-meta":"","header-below-stick-meta":"","footnotes":""},"class_list":["post-223","page","type-page","status-publish","hentry"],"_links":{"self":[{"href":"http:\/\/kpvs.forma.sk\/index.php\/wp-json\/wp\/v2\/pages\/223","targetHints":{"allow":["GET"]}}],"collection":[{"href":"http:\/\/kpvs.forma.sk\/index.php\/wp-json\/wp\/v2\/pages"}],"about":[{"href":"http:\/\/kpvs.forma.sk\/index.php\/wp-json\/wp\/v2\/types\/page"}],"author":[{"embeddable":true,"href":"http:\/\/kpvs.forma.sk\/index.php\/wp-json\/wp\/v2\/users\/1"}],"replies":[{"embeddable":true,"href":"http:\/\/kpvs.forma.sk\/index.php\/wp-json\/wp\/v2\/comments?post=223"}],"version-history":[{"count":21,"href":"http:\/\/kpvs.forma.sk\/index.php\/wp-json\/wp\/v2\/pages\/223\/revisions"}],"predecessor-version":[{"id":10089,"href":"http:\/\/kpvs.forma.sk\/index.php\/wp-json\/wp\/v2\/pages\/223\/revisions\/10089"}],"wp:attachment":[{"href":"http:\/\/kpvs.forma.sk\/index.php\/wp-json\/wp\/v2\/media?parent=223"}],"curies":[{"name":"wp","href":"https:\/\/api.w.org\/{rel}","templated":true}]}}