{"id":2288,"date":"2021-02-16T14:41:44","date_gmt":"2021-02-16T13:41:44","guid":{"rendered":"http:\/\/kpvs.forma.sk\/?page_id=2288"},"modified":"2025-08-03T13:24:44","modified_gmt":"2025-08-03T12:24:44","slug":"casopis","status":"publish","type":"page","link":"http:\/\/kpvs.forma.sk\/index.php\/casopis\/","title":{"rendered":"\u010casopis"},"content":{"rendered":"\t\t<div data-elementor-type=\"wp-page\" data-elementor-id=\"2288\" class=\"elementor elementor-2288\">\n\t\t\t\t\t\t<section class=\"elementor-section elementor-top-section elementor-element elementor-element-569ed51 elementor-section-boxed elementor-section-height-default elementor-section-height-default\" data-id=\"569ed51\" data-element_type=\"section\">\n\t\t\t\t\t\t<div class=\"elementor-container elementor-column-gap-default\">\n\t\t\t\t\t<div class=\"elementor-column elementor-col-100 elementor-top-column elementor-element elementor-element-99f8d96\" data-id=\"99f8d96\" data-element_type=\"column\">\n\t\t\t<div class=\"elementor-widget-wrap elementor-element-populated\">\n\t\t\t\t\t\t<div class=\"elementor-element elementor-element-6ff8e74 elementor-widget elementor-widget-text-editor\" data-id=\"6ff8e74\" data-element_type=\"widget\" data-widget_type=\"text-editor.default\">\n\t\t\t\t<div class=\"elementor-widget-container\">\n\t\t\t<style>\/*! elementor - v3.22.0 - 26-06-2024 *\/\n.elementor-widget-text-editor.elementor-drop-cap-view-stacked .elementor-drop-cap{background-color:#69727d;color:#fff}.elementor-widget-text-editor.elementor-drop-cap-view-framed .elementor-drop-cap{color:#69727d;border:3px solid;background-color:transparent}.elementor-widget-text-editor:not(.elementor-drop-cap-view-default) .elementor-drop-cap{margin-top:8px}.elementor-widget-text-editor:not(.elementor-drop-cap-view-default) .elementor-drop-cap-letter{width:1em;height:1em}.elementor-widget-text-editor .elementor-drop-cap{float:left;text-align:center;line-height:1;font-size:50px}.elementor-widget-text-editor .elementor-drop-cap-letter{display:inline-block}<\/style>\t\t\t\t<h2><span style=\"color: #0274be;\">\u010cASOPIS\u00a0<i>Na\u0161e svedectvo<\/i><\/span><\/h2><p>\u010casopis Na\u0161e svedectvo je tla\u010dov\u00fdm org\u00e1nom KPVS. Za\u010dal vych\u00e1dza\u0165 v r. 2000. \u010casopis riadi redak\u010dn\u00e1 rada. Fotografie zo \u017eivota organiz\u00e1cie a jej \u010dlenov zabezpe\u010duje Eva Javorsk\u00e1. Dominantnou \u00falohou \u010dasopisu je publikovanie dokumentov o osudoch prenasledovan\u00fdch ob\u010danov Slovenska, a tak odkr\u00fdva\u0165 doteraz biele miesta hist\u00f3rie rokov 1948 \u2013 1989. \u010casopis z\u00e1rove\u0148 prispieva k lep\u0161ej informovanosti \u010dlenskej z\u00e1kladne a prezent\u00e1cii n\u00e1zorov k aktu\u00e1lnym spolo\u010densk\u00fdm t\u00e9mam.<\/p>\t\t\t\t\t\t<\/div>\n\t\t\t\t<\/div>\n\t\t\t\t\t<\/div>\n\t\t<\/div>\n\t\t\t\t\t<\/div>\n\t\t<\/section>\n\t\t\t\t<section class=\"elementor-section elementor-top-section elementor-element elementor-element-37fdfdd elementor-section-boxed elementor-section-height-default elementor-section-height-default\" data-id=\"37fdfdd\" data-element_type=\"section\">\n\t\t\t\t\t\t<div class=\"elementor-container elementor-column-gap-default\">\n\t\t\t\t\t<div class=\"elementor-column elementor-col-50 elementor-top-column elementor-element elementor-element-41d2b35\" data-id=\"41d2b35\" data-element_type=\"column\">\n\t\t\t<div class=\"elementor-widget-wrap elementor-element-populated\">\n\t\t\t\t\t\t<div class=\"elementor-element elementor-element-e219ff5 elementor-widget elementor-widget-text-editor\" data-id=\"e219ff5\" data-element_type=\"widget\" data-widget_type=\"text-editor.default\">\n\t\t\t\t<div class=\"elementor-widget-container\">\n\t\t\t\t\t\t\t<p>Aktu\u00e1lne \u010d\u00edslo<br \/><strong><a href=\"http:\/\/kpvs.forma.sk\/wp-content\/uploads\/2025\/08\/ns-1-2024web.pdf\" target=\"_blank\" rel=\"noopener\">Na\u0161e svedectvo 1\/2024<\/a><br \/><\/strong>(janu\u00e1r \u2013 febru\u00e1r)<\/p><p>Predch\u00e1dzaj\u00face \u010d\u00edsla<br \/><strong><a href=\"http:\/\/kpvs.forma.sk\/wp-content\/uploads\/2025\/08\/ns-5-2021web.pdf\" target=\"_blank\" rel=\"noopener\">Na\u0161e svedectvo 5\/2021<\/a><br \/><\/strong>(september \u2013 okt\u00f3ber)<\/p><p><strong><a href=\"http:\/\/kpvs.forma.sk\/wp-content\/uploads\/2025\/08\/ns-4-2021web.pdf\" target=\"_blank\" rel=\"noopener\">Na\u0161e svedectvo 4\/2021<\/a><br \/><\/strong>(j\u00fal \u2013 august)<\/p><p><strong><a href=\"http:\/\/kpvs.forma.sk\/wp-content\/uploads\/2025\/08\/ns-3-2021web.pdf\" target=\"_blank\" rel=\"noopener\">Na\u0161e svedectvo 3\/2021<\/a><br \/><\/strong>(m\u00e1j \u2013 j\u00fan)<\/p><p><strong><a href=\"http:\/\/kpvs.forma.sk\/wp-content\/uploads\/2025\/08\/ns-2-2021web.pdf\" target=\"_blank\" rel=\"noopener\">Na\u0161e svedectvo 2\/2021<\/a><br \/><\/strong>(marec \u2013 apr\u00edl)<\/p><p><strong><a href=\"\/wp-content\/uploads\/2021\/02\/ns-1-2021web.pdf\" target=\"_blank\" rel=\"noopener\">Na\u0161e svedectvo 1\/2021<\/a><br \/><\/strong>(janu\u00e1r \u2013 febru\u00e1r)<\/p><p><strong><a href=\"\/wp-content\/uploads\/2021\/02\/ns-6-2020web.pdf\" target=\"_blank\" rel=\"noopener\">Na\u0161e svedectvo 6\/2020<\/a><br \/><\/strong>(november \u2013 december)<\/p><p><strong><a href=\"\/wp-content\/uploads\/2021\/02\/ns-5-2020web.pdf\" target=\"_blank\" rel=\"noopener\">Na\u0161e svedectvo 5\/2020<\/a><br \/><\/strong>(september \u2013 okt\u00f3ber)<\/p><p><a href=\"\/wp-content\/uploads\/2021\/02\/ns-4-2020web.pdf\" target=\"_blank\" rel=\"noopener\"><strong>Na\u0161e svedectvo 4\/2020<\/strong><\/a><br \/>(j\u00fal \u2013 august)<\/p>\t\t\t\t\t\t<\/div>\n\t\t\t\t<\/div>\n\t\t\t\t\t<\/div>\n\t\t<\/div>\n\t\t\t\t<div class=\"elementor-column elementor-col-50 elementor-top-column elementor-element elementor-element-a995d1b\" data-id=\"a995d1b\" data-element_type=\"column\">\n\t\t\t<div class=\"elementor-widget-wrap elementor-element-populated\">\n\t\t\t\t\t\t<div class=\"elementor-element elementor-element-215aa3d elementor-widget elementor-widget-image\" data-id=\"215aa3d\" data-element_type=\"widget\" data-widget_type=\"image.default\">\n\t\t\t\t<div class=\"elementor-widget-container\">\n\t\t\t<style>\/*! elementor - v3.22.0 - 26-06-2024 *\/\n.elementor-widget-image{text-align:center}.elementor-widget-image a{display:inline-block}.elementor-widget-image a img[src$=\".svg\"]{width:48px}.elementor-widget-image img{vertical-align:middle;display:inline-block}<\/style>\t\t\t\t\t\t\t\t\t\t<img fetchpriority=\"high\" decoding=\"async\" width=\"272\" height=\"385\" src=\"http:\/\/kpvs.forma.sk\/wp-content\/uploads\/2025\/08\/casopis-1-24.jpg\" class=\"attachment-large size-large wp-image-10031\" alt=\"\" srcset=\"http:\/\/kpvs.forma.sk\/wp-content\/uploads\/2025\/08\/casopis-1-24.jpg 272w, http:\/\/kpvs.forma.sk\/wp-content\/uploads\/2025\/08\/casopis-1-24-212x300.jpg 212w\" sizes=\"(max-width: 272px) 100vw, 272px\" \/>\t\t\t\t\t\t\t\t\t\t\t\t\t<\/div>\n\t\t\t\t<\/div>\n\t\t\t\t\t<\/div>\n\t\t<\/div>\n\t\t\t\t\t<\/div>\n\t\t<\/section>\n\t\t\t\t<section class=\"elementor-section elementor-top-section elementor-element elementor-element-aacf3c6 elementor-section-boxed elementor-section-height-default elementor-section-height-default\" data-id=\"aacf3c6\" data-element_type=\"section\">\n\t\t\t\t\t\t<div class=\"elementor-container elementor-column-gap-default\">\n\t\t\t\t\t<div class=\"elementor-column elementor-col-100 elementor-top-column elementor-element elementor-element-b72a984\" data-id=\"b72a984\" data-element_type=\"column\">\n\t\t\t<div class=\"elementor-widget-wrap elementor-element-populated\">\n\t\t\t\t\t\t<div class=\"elementor-element elementor-element-96fd17a elementor-widget elementor-widget-text-editor\" data-id=\"96fd17a\" data-element_type=\"widget\" data-widget_type=\"text-editor.default\">\n\t\t\t\t<div class=\"elementor-widget-container\">\n\t\t\t\t\t\t\t<strong>NA\u0160E SVEDECTVO<\/strong> \u0160tvr\u0165ro\u010dn\u00edk Konfeder\u00e1cie politick\u00fdch v\u00e4z\u0148ov Slovenska\nZ poverenia Predsedn\u00edctva do\u010dasne rediguje Peter Sandtner.\nRedak\u010dn\u00e1 rada: Eva Javorsk\u00e1, Branislav Borovsk\u00fd, Igor Chovan.\nAdresa redakcie a administr\u00e1cie: Konfeder\u00e1cia politick\u00fdch v\u00e4z\u0148ov Slovenska, Ko\u0161ick\u00e1 56, 821 08 Bratislava,\nI\u010cO: 31 800 700, tel. 0904 427 201 (Peter Sandtner), 0902 555 321 (Branislav Borovsk\u00fd), kpvs.kpvs@gmail.com, www.kpvs.sk\n\u010d\u00edslo \u00fa\u010dtu KPVS Tatra banka &#8211; SK 96 1100 0000 00 26 22 00 77 16 IBAN \u00a6 EV3064\/09\nOdhalenie pam\u00e4tnej tabu\u013ee donovi Andrejovi Dermekovi, SDB na Drot\u00e1rskej 4 v Bratislave, foto: Eva Javorsk\u00e1\t\t\t\t\t\t<\/div>\n\t\t\t\t<\/div>\n\t\t\t\t\t<\/div>\n\t\t<\/div>\n\t\t\t\t\t<\/div>\n\t\t<\/section>\n\t\t\t\t<\/div>\n\t\t","protected":false},"excerpt":{"rendered":"<p>\u010cASOPIS\u00a0Na\u0161e svedectvo \u010casopis Na\u0161e svedectvo je tla\u010dov\u00fdm org\u00e1nom KPVS. Za\u010dal vych\u00e1dza\u0165 v r. 2000. \u010casopis riadi redak\u010dn\u00e1 rada. Fotografie zo \u017eivota organiz\u00e1cie a jej \u010dlenov zabezpe\u010duje Eva Javorsk\u00e1. Dominantnou \u00falohou \u010dasopisu je publikovanie dokumentov o osudoch prenasledovan\u00fdch ob\u010danov Slovenska, a tak odkr\u00fdva\u0165 doteraz biele miesta hist\u00f3rie rokov 1948 \u2013 1989. \u010casopis z\u00e1rove\u0148 prispieva k lep\u0161ej &hellip;<\/p>\n<p class=\"read-more\"> <a class=\"\" href=\"http:\/\/kpvs.forma.sk\/index.php\/casopis\/\"> <span class=\"screen-reader-text\">\u010casopis<\/span> Read More &raquo;<\/a><\/p>\n","protected":false},"author":1,"featured_media":0,"parent":0,"menu_order":0,"comment_status":"closed","ping_status":"closed","template":"","meta":{"_eb_attr":"","site-sidebar-layout":"no-sidebar","site-content-layout":"plain-container","ast-global-header-display":"","ast-main-header-display":"","ast-hfb-above-header-display":"","ast-hfb-below-header-display":"","ast-hfb-mobile-header-display":"","site-post-title":"disabled","ast-breadcrumbs-content":"","ast-featured-img":"","footer-sml-layout":"","theme-transparent-header-meta":"default","adv-header-id-meta":"","stick-header-meta":"","header-above-stick-meta":"","header-main-stick-meta":"","header-below-stick-meta":"","footnotes":""},"class_list":["post-2288","page","type-page","status-publish","hentry"],"_links":{"self":[{"href":"http:\/\/kpvs.forma.sk\/index.php\/wp-json\/wp\/v2\/pages\/2288","targetHints":{"allow":["GET"]}}],"collection":[{"href":"http:\/\/kpvs.forma.sk\/index.php\/wp-json\/wp\/v2\/pages"}],"about":[{"href":"http:\/\/kpvs.forma.sk\/index.php\/wp-json\/wp\/v2\/types\/page"}],"author":[{"embeddable":true,"href":"http:\/\/kpvs.forma.sk\/index.php\/wp-json\/wp\/v2\/users\/1"}],"replies":[{"embeddable":true,"href":"http:\/\/kpvs.forma.sk\/index.php\/wp-json\/wp\/v2\/comments?post=2288"}],"version-history":[{"count":47,"href":"http:\/\/kpvs.forma.sk\/index.php\/wp-json\/wp\/v2\/pages\/2288\/revisions"}],"predecessor-version":[{"id":10059,"href":"http:\/\/kpvs.forma.sk\/index.php\/wp-json\/wp\/v2\/pages\/2288\/revisions\/10059"}],"wp:attachment":[{"href":"http:\/\/kpvs.forma.sk\/index.php\/wp-json\/wp\/v2\/media?parent=2288"}],"curies":[{"name":"wp","href":"https:\/\/api.w.org\/{rel}","templated":true}]}}