{"id":3,"date":"2020-12-20T16:48:08","date_gmt":"2020-12-20T16:48:08","guid":{"rendered":"http:\/\/kpvs.forma.sk\/?page_id=3"},"modified":"2025-10-15T19:49:06","modified_gmt":"2025-10-15T18:49:06","slug":"darujte-2","status":"publish","type":"page","link":"http:\/\/kpvs.forma.sk\/index.php\/darujte-2\/","title":{"rendered":"Darujte 2%"},"content":{"rendered":"\t\t<div data-elementor-type=\"wp-page\" data-elementor-id=\"3\" class=\"elementor elementor-3\">\n\t\t\t\t\t\t<section class=\"elementor-section elementor-top-section elementor-element elementor-element-169f69 elementor-section-boxed elementor-section-height-default elementor-section-height-default\" data-id=\"169f69\" data-element_type=\"section\">\n\t\t\t\t\t\t<div class=\"elementor-container elementor-column-gap-default\">\n\t\t\t\t\t<div class=\"elementor-column elementor-col-100 elementor-top-column elementor-element elementor-element-6233af3e\" data-id=\"6233af3e\" data-element_type=\"column\">\n\t\t\t<div class=\"elementor-widget-wrap elementor-element-populated\">\n\t\t\t\t\t\t<div class=\"elementor-element elementor-element-7a0403c8 elementor-widget elementor-widget-text-editor\" data-id=\"7a0403c8\" data-element_type=\"widget\" data-widget_type=\"text-editor.default\">\n\t\t\t\t<div class=\"elementor-widget-container\">\n\t\t\t<style>\/*! elementor - v3.22.0 - 26-06-2024 *\/\n.elementor-widget-text-editor.elementor-drop-cap-view-stacked .elementor-drop-cap{background-color:#69727d;color:#fff}.elementor-widget-text-editor.elementor-drop-cap-view-framed .elementor-drop-cap{color:#69727d;border:3px solid;background-color:transparent}.elementor-widget-text-editor:not(.elementor-drop-cap-view-default) .elementor-drop-cap{margin-top:8px}.elementor-widget-text-editor:not(.elementor-drop-cap-view-default) .elementor-drop-cap-letter{width:1em;height:1em}.elementor-widget-text-editor .elementor-drop-cap{float:left;text-align:center;line-height:1;font-size:50px}.elementor-widget-text-editor .elementor-drop-cap-letter{display:inline-block}<\/style>\t\t\t\t<h2>\u00a0<\/h2>\n<h2 style=\"text-align: center;\"><span style=\"color: #cc3333;\">Darujte 2%<\/span><\/h2>\n<p style=\"text-align: center;\">K pouk\u00e1zaniu 2% z dan\u00ed z pr\u00edjmov<br \/>s\u00fa pre da\u0148ovn\u00edka potrebn\u00e9 tieto \u00fadaje o KPVS:<\/p>\n<p style=\"text-align: center;\">I\u010cO: 31800700<br \/><strong>n\u00e1zov organiz\u00e1cie:<\/strong>\u00a0Konfeder\u00e1cia politick\u00fdch v\u00e4z\u0148ov Slovenska<br \/><strong>adresa<\/strong>:\u00a0Ko\u0161ick\u00e1 56, 821 08 Bratisalava<br \/><strong>pr\u00e1vna forma<\/strong>:\u00a0701 \u2013 ob\u010d. zdru\u017eenie<\/p>\n<p style=\"text-align: center;\">Ak chcete podpori\u0165 na\u0161u \u010dinnos\u0165, dobrovo\u013en\u00fd pr\u00edspevok m\u00f4\u017eete posla\u0165 na \u010d\u00edslo \u00fa\u010dtu<br \/>IBAN: SK96 1100 0000 0026 2200 7716<\/p>\n<p><!-- wp:heading --><\/p>\n<p><!-- \/wp:heading --><\/p>\t\t\t\t\t\t<\/div>\n\t\t\t\t<\/div>\n\t\t\t\t\t<\/div>\n\t\t<\/div>\n\t\t\t\t\t<\/div>\n\t\t<\/section>\n\t\t\t\t<section class=\"elementor-section elementor-top-section elementor-element elementor-element-d84d78b elementor-section-boxed elementor-section-height-default elementor-section-height-default\" data-id=\"d84d78b\" data-element_type=\"section\">\n\t\t\t\t\t\t<div class=\"elementor-container elementor-column-gap-default\">\n\t\t\t\t\t<div class=\"elementor-column elementor-col-100 elementor-top-column elementor-element elementor-element-9445687\" data-id=\"9445687\" data-element_type=\"column\">\n\t\t\t<div class=\"elementor-widget-wrap elementor-element-populated\">\n\t\t\t\t\t\t<div class=\"elementor-element elementor-element-e3afd15 elementor-widget elementor-widget-spacer\" data-id=\"e3afd15\" data-element_type=\"widget\" data-widget_type=\"spacer.default\">\n\t\t\t\t<div class=\"elementor-widget-container\">\n\t\t\t<style>\/*! elementor - v3.22.0 - 26-06-2024 *\/\n.elementor-column .elementor-spacer-inner{height:var(--spacer-size)}.e-con{--container-widget-width:100%}.e-con-inner>.elementor-widget-spacer,.e-con>.elementor-widget-spacer{width:var(--container-widget-width,var(--spacer-size));--align-self:var(--container-widget-align-self,initial);--flex-shrink:0}.e-con-inner>.elementor-widget-spacer>.elementor-widget-container,.e-con>.elementor-widget-spacer>.elementor-widget-container{height:100%;width:100%}.e-con-inner>.elementor-widget-spacer>.elementor-widget-container>.elementor-spacer,.e-con>.elementor-widget-spacer>.elementor-widget-container>.elementor-spacer{height:100%}.e-con-inner>.elementor-widget-spacer>.elementor-widget-container>.elementor-spacer>.elementor-spacer-inner,.e-con>.elementor-widget-spacer>.elementor-widget-container>.elementor-spacer>.elementor-spacer-inner{height:var(--container-widget-height,var(--spacer-size))}.e-con-inner>.elementor-widget-spacer.elementor-widget-empty,.e-con>.elementor-widget-spacer.elementor-widget-empty{position:relative;min-height:22px;min-width:22px}.e-con-inner>.elementor-widget-spacer.elementor-widget-empty .elementor-widget-empty-icon,.e-con>.elementor-widget-spacer.elementor-widget-empty .elementor-widget-empty-icon{position:absolute;top:0;bottom:0;left:0;right:0;margin:auto;padding:0;width:22px;height:22px}<\/style>\t\t<div class=\"elementor-spacer\">\n\t\t\t<div class=\"elementor-spacer-inner\"><\/div>\n\t\t<\/div>\n\t\t\t\t<\/div>\n\t\t\t\t<\/div>\n\t\t\t\t\t<\/div>\n\t\t<\/div>\n\t\t\t\t\t<\/div>\n\t\t<\/section>\n\t\t\t\t<\/div>\n\t\t","protected":false},"excerpt":{"rendered":"<p>\u00a0 Darujte 2% K pouk\u00e1zaniu 2% z dan\u00ed z pr\u00edjmovs\u00fa pre da\u0148ovn\u00edka potrebn\u00e9 tieto \u00fadaje o KPVS: I\u010cO: 31800700n\u00e1zov organiz\u00e1cie:\u00a0Konfeder\u00e1cia politick\u00fdch v\u00e4z\u0148ov Slovenskaadresa:\u00a0Ko\u0161ick\u00e1 56, 821 08 Bratisalavapr\u00e1vna forma:\u00a0701 \u2013 ob\u010d. zdru\u017eenie Ak chcete podpori\u0165 na\u0161u \u010dinnos\u0165, dobrovo\u013en\u00fd pr\u00edspevok m\u00f4\u017eete posla\u0165 na \u010d\u00edslo \u00fa\u010dtuIBAN: SK96 1100 0000 0026 2200 7716<\/p>\n","protected":false},"author":1,"featured_media":0,"parent":0,"menu_order":0,"comment_status":"closed","ping_status":"closed","template":"","meta":{"_eb_attr":"","site-sidebar-layout":"no-sidebar","site-content-layout":"plain-container","ast-global-header-display":"","ast-main-header-display":"","ast-hfb-above-header-display":"","ast-hfb-below-header-display":"","ast-hfb-mobile-header-display":"","site-post-title":"disabled","ast-breadcrumbs-content":"disabled","ast-featured-img":"disabled","footer-sml-layout":"","theme-transparent-header-meta":"default","adv-header-id-meta":"","stick-header-meta":"","header-above-stick-meta":"","header-main-stick-meta":"","header-below-stick-meta":"","footnotes":""},"class_list":["post-3","page","type-page","status-publish","hentry"],"_links":{"self":[{"href":"http:\/\/kpvs.forma.sk\/index.php\/wp-json\/wp\/v2\/pages\/3","targetHints":{"allow":["GET"]}}],"collection":[{"href":"http:\/\/kpvs.forma.sk\/index.php\/wp-json\/wp\/v2\/pages"}],"about":[{"href":"http:\/\/kpvs.forma.sk\/index.php\/wp-json\/wp\/v2\/types\/page"}],"author":[{"embeddable":true,"href":"http:\/\/kpvs.forma.sk\/index.php\/wp-json\/wp\/v2\/users\/1"}],"replies":[{"embeddable":true,"href":"http:\/\/kpvs.forma.sk\/index.php\/wp-json\/wp\/v2\/comments?post=3"}],"version-history":[{"count":21,"href":"http:\/\/kpvs.forma.sk\/index.php\/wp-json\/wp\/v2\/pages\/3\/revisions"}],"predecessor-version":[{"id":14177,"href":"http:\/\/kpvs.forma.sk\/index.php\/wp-json\/wp\/v2\/pages\/3\/revisions\/14177"}],"wp:attachment":[{"href":"http:\/\/kpvs.forma.sk\/index.php\/wp-json\/wp\/v2\/media?parent=3"}],"curies":[{"name":"wp","href":"https:\/\/api.w.org\/{rel}","templated":true}]}}