{"id":5,"date":"2020-12-20T20:25:15","date_gmt":"2020-12-20T20:25:15","guid":{"rendered":"http:\/\/kpvs.forma.sk\/?page_id=5"},"modified":"2025-08-05T17:58:23","modified_gmt":"2025-08-05T16:58:23","slug":"organizacna-struktura","status":"publish","type":"page","link":"http:\/\/kpvs.forma.sk\/index.php\/organizacna-struktura\/","title":{"rendered":"Organiza\u010dn\u00e1 \u0161trukt\u00fara"},"content":{"rendered":"\t\t<div data-elementor-type=\"wp-post\" data-elementor-id=\"5\" class=\"elementor elementor-5\">\n\t\t\t\t\t\t<section class=\"elementor-section elementor-top-section elementor-element elementor-element-506688ca elementor-section-boxed elementor-section-height-default elementor-section-height-default\" data-id=\"506688ca\" data-element_type=\"section\">\n\t\t\t\t\t\t<div class=\"elementor-container elementor-column-gap-default\">\n\t\t\t\t\t<div class=\"elementor-column elementor-col-100 elementor-top-column elementor-element elementor-element-52369222\" data-id=\"52369222\" data-element_type=\"column\">\n\t\t\t<div class=\"elementor-widget-wrap elementor-element-populated\">\n\t\t\t\t\t\t<div class=\"elementor-element elementor-element-6fee7d82 elementor-widget elementor-widget-text-editor\" data-id=\"6fee7d82\" data-element_type=\"widget\" data-widget_type=\"text-editor.default\">\n\t\t\t\t<div class=\"elementor-widget-container\">\n\t\t\t<style>\/*! elementor - v3.22.0 - 26-06-2024 *\/\n.elementor-widget-text-editor.elementor-drop-cap-view-stacked .elementor-drop-cap{background-color:#69727d;color:#fff}.elementor-widget-text-editor.elementor-drop-cap-view-framed .elementor-drop-cap{color:#69727d;border:3px solid;background-color:transparent}.elementor-widget-text-editor:not(.elementor-drop-cap-view-default) .elementor-drop-cap{margin-top:8px}.elementor-widget-text-editor:not(.elementor-drop-cap-view-default) .elementor-drop-cap-letter{width:1em;height:1em}.elementor-widget-text-editor .elementor-drop-cap{float:left;text-align:center;line-height:1;font-size:50px}.elementor-widget-text-editor .elementor-drop-cap-letter{display:inline-block}<\/style>\t\t\t\t<p><style>table, td, th { padding: 0px; border: 0px solid } <\/style><\/p><table style=\"border: 0;\" border=\"0\"><tbody><tr><td><table style=\"border: 0;\" border=\"0\"><tbody><tr><td colspan=\"2\"><h4>Valn\u00e9 zhroma\u017edenie<\/h4><\/td><td>\u00a0<\/td><\/tr><tr><td colspan=\"2\"><h4>Rada predsedov<\/h4><\/td><td>\u00a0<\/td><\/tr><tr><td colspan=\"2\">Predseda: Peter Sandtner<\/td><\/tr><tr><td colspan=\"2\">Podpredseda: Pavol De\u010do<\/td><\/tr><tr><td colspan=\"2\">Tajomn\u00edk: Ondrej Fronc<\/td><\/tr><tr><td colspan=\"2\">\u00a0<\/td><\/tr><tr><td colspan=\"2\"><h4>Predsedn\u00edctvo<\/h4><\/td><td>\u00a0<\/td><\/tr><tr><td colspan=\"2\">Predseda: Peter Sandtner<\/td><\/tr><tr><td colspan=\"2\">Podpredseda: Branislav Borovsk\u00fd<\/td><\/tr><tr><td colspan=\"2\">\u00dastredn\u00fd tajomn\u00edk: Igor Chovan<\/td><\/tr><tr><td colspan=\"2\">\u00a0<\/td><\/tr><tr><td colspan=\"2\">\u010cestn\u00fd predseda: Rudolf Dobi\u00e1\u0161, Peter Sandtner<\/td><\/tr><tr><td colspan=\"2\">\u00a0<\/td><\/tr><tr><td colspan=\"2\"><h4>Kontroln\u00e1 komisia<\/h4><\/td><td>\u00a0<\/td><\/tr><tr><td colspan=\"2\">Katar\u00edna Smie\u0161kov\u00e1 (z\u00e1padn\u00e9 Slovensko)<\/td><\/tr><tr><td colspan=\"2\">Franti\u0161ek \u0160kapec (stredn\u00e9 Slovensko)<\/td><\/tr><tr><td colspan=\"2\">M\u00e1ria Fiaskov\u00e1 (v\u00fdchodn\u00e9 Slovensko)<\/td><\/tr><tr><td colspan=\"2\">\u00a0<\/td><\/tr><tr><td colspan=\"2\"><h4>Region\u00e1lne organiz\u00e1cie<\/h4><\/td><td>\u00a0<\/td><\/tr><tr><td colspan=\"2\">Z\u00e1padoslovensk\u00fd regi\u00f3n: Peter Sandtner<\/td><\/tr><tr><td colspan=\"2\">Stredoslovensk\u00fd regi\u00f3n: Franti\u0161ek \u0160kapec<\/td><\/tr><tr><td colspan=\"2\">V\u00fdchodoslovensk\u00fd regi\u00f3n: Eva Javorsk\u00e1<\/td><\/tr><tr><td colspan=\"2\">\u00a0<\/td><\/tr><tr><td colspan=\"2\"><h4>Oblastn\u00e9 organiz\u00e1cie a\u00a0 ich predsedovia<\/h4><\/td><\/tr><tr><td>Bansk\u00e1 Bystrica<\/td><td>M\u00e1ria Gondov\u00e1<\/td><\/tr><tr><td>Bardejov<\/td><td>Be\u00e1ta Ivanov\u00e1<\/td><\/tr><tr><td>Bratislava<\/td><td>Peter Sandtner<\/td><\/tr><tr><td>Ko\u0161ice<\/td><td>Pavol De\u010do<\/td><\/tr><tr><td>Lu\u010denec<\/td><td>J\u00e1n Slatinsk\u00fd<\/td><\/tr><tr><td>Malacky<\/td><td>Anna Ko\u017euchov\u00e1<\/td><\/tr><tr><td>Martin<\/td><td>Tom\u00e1\u0161 Jedin\u00e1k<\/td><\/tr><tr><td>Michalovce<\/td><td>Viera Michali\u010dov\u00e1<\/td><\/tr><tr><td>Nitra<\/td><td>Ondrej Fronc<\/td><\/tr><tr><td>Pezinok<\/td><td>Franti\u0161ek Matia\u0161ovsk\u00fd<\/td><\/tr><tr><td>Poprad<\/td><td>Mari\u00e1n \u0160i\u0161ka<\/td><\/tr><tr><td>Pre\u0161ov<\/td><td>Paul\u00edna \u0160tefani\u010dov\u00e1<\/td><\/tr><tr><td>Prievidza<\/td><td>Stanislav Hus\u00e1r<\/td><\/tr><tr><td>Senec<\/td><td>Katar\u00edna Smie\u0161kov\u00e1<\/td><\/tr><tr><td>Skalica<\/td><td>Jaroslav Barcaj<\/td><\/tr><tr><td>Spi\u0161sk\u00e1 Nov\u00e1 Ves<\/td><td>Eva Javorsk\u00e1<\/td><\/tr><tr><td>Star\u00e1 \u013dubov\u0148a<\/td><td>M\u00e1ria Krajgerov\u00e1<\/td><\/tr><tr><td>Tren\u010d\u00edn<\/td><td>Rudolf Dobi\u00e1\u0161<\/td><\/tr><tr><td>Trnava<\/td><td>Cec\u00edlia Hu\u010dkov\u00e1 Dob\u0161ovi\u010dov\u00e1<\/td><\/tr><tr><td>Trsten\u00e1<\/td><td>Franti\u0161ek \u0160kapec<\/td><\/tr><tr><td>Vranov nad Top\u013eou<\/td><td>M\u00e1ria Fiaskov\u00e1<\/td><\/tr><tr><td>\u017dilina<\/td><td>O\u013ega Mi\u0161utkov\u00e1<\/td><\/tr><tr><td colspan=\"2\">\u00a0<\/td><\/tr><\/tbody><\/table><\/td><td valign=\"top\"><h3>\u00a0<\/h3><\/td><\/tr><tr><td colspan=\"2\"><h4>Sekcie a ich predsedovia<\/h4><\/td><\/tr><tr><td colspan=\"2\">Sekcia Deti politick\u00fdch v\u00e4z\u0148ov pri MO Bratislava \u2013 M\u00e1ria Jur\u010dovi\u010dov\u00e1<\/td><\/tr><tr><td colspan=\"2\">Sekcia Deti politick\u00fdch v\u00e4z\u0148ov pri OO Nitra \u2013 Julianna Brezinsk\u00e1<\/td><\/tr><tr><td colspan=\"2\">Sekcia PTP pri MO Bratislava<\/td><\/tr><tr><td colspan=\"2\">Sekcia PTP pri OO Ko\u0161ice<\/td><\/tr><tr><td colspan=\"2\">Sekcia PTP pri OO Nitra \u2013 Dion\u00fdz Kur\u010da<\/td><\/tr><tr><td colspan=\"2\">Sekcia odvle\u010den\u00fdch do b\u00fdvaleho ZSSR pri MO Bratislava \u2013 Nade\u017eda Evansonov\u00e1<\/td><\/tr><tr><td colspan=\"2\">\u00a0<\/td><\/tr><tr><td colspan=\"2\">\u00a0<\/td><\/tr><tr><td colspan=\"2\"><h4>Kancel\u00e1ria KPVS<\/h4><\/td><\/tr><tr><td colspan=\"2\">Peter Sandtner, riadite\u013e kancel\u00e1rie, administrat\u00edvny pracovn\u00edk<\/td><\/tr><tr><td colspan=\"2\">Branislav Borovsk\u00fd, ekonomick\u00fd pracovn\u00edk<\/td><\/tr><\/tbody><\/table>\t\t\t\t\t\t<\/div>\n\t\t\t\t<\/div>\n\t\t\t\t\t<\/div>\n\t\t<\/div>\n\t\t\t\t\t<\/div>\n\t\t<\/section>\n\t\t\t\t<\/div>\n\t\t","protected":false},"excerpt":{"rendered":"<p>Valn\u00e9 zhroma\u017edenie \u00a0 Rada predsedov \u00a0 Predseda: Peter Sandtner Podpredseda: Pavol De\u010do Tajomn\u00edk: Ondrej Fronc \u00a0 Predsedn\u00edctvo \u00a0 Predseda: Peter Sandtner Podpredseda: Branislav Borovsk\u00fd \u00dastredn\u00fd tajomn\u00edk: Igor Chovan \u00a0 \u010cestn\u00fd predseda: Rudolf Dobi\u00e1\u0161, Peter Sandtner \u00a0 Kontroln\u00e1 komisia \u00a0 Katar\u00edna Smie\u0161kov\u00e1 (z\u00e1padn\u00e9 Slovensko) Franti\u0161ek \u0160kapec (stredn\u00e9 Slovensko) M\u00e1ria Fiaskov\u00e1 (v\u00fdchodn\u00e9 Slovensko) \u00a0 Region\u00e1lne organiz\u00e1cie \u00a0 &hellip;<\/p>\n<p class=\"read-more\"> <a class=\"\" href=\"http:\/\/kpvs.forma.sk\/index.php\/organizacna-struktura\/\"> <span class=\"screen-reader-text\">Organiza\u010dn\u00e1 \u0161trukt\u00fara<\/span> Read More &raquo;<\/a><\/p>\n","protected":false},"author":1,"featured_media":0,"parent":0,"menu_order":0,"comment_status":"closed","ping_status":"closed","template":"","meta":{"_eb_attr":"","site-sidebar-layout":"no-sidebar","site-content-layout":"plain-container","ast-global-header-display":"","ast-main-header-display":"","ast-hfb-above-header-display":"","ast-hfb-below-header-display":"","ast-hfb-mobile-header-display":"","site-post-title":"","ast-breadcrumbs-content":"disabled","ast-featured-img":"disabled","footer-sml-layout":"","theme-transparent-header-meta":"default","adv-header-id-meta":"","stick-header-meta":"","header-above-stick-meta":"","header-main-stick-meta":"","header-below-stick-meta":"","footnotes":""},"class_list":["post-5","page","type-page","status-publish","hentry"],"_links":{"self":[{"href":"http:\/\/kpvs.forma.sk\/index.php\/wp-json\/wp\/v2\/pages\/5","targetHints":{"allow":["GET"]}}],"collection":[{"href":"http:\/\/kpvs.forma.sk\/index.php\/wp-json\/wp\/v2\/pages"}],"about":[{"href":"http:\/\/kpvs.forma.sk\/index.php\/wp-json\/wp\/v2\/types\/page"}],"author":[{"embeddable":true,"href":"http:\/\/kpvs.forma.sk\/index.php\/wp-json\/wp\/v2\/users\/1"}],"replies":[{"embeddable":true,"href":"http:\/\/kpvs.forma.sk\/index.php\/wp-json\/wp\/v2\/comments?post=5"}],"version-history":[{"count":79,"href":"http:\/\/kpvs.forma.sk\/index.php\/wp-json\/wp\/v2\/pages\/5\/revisions"}],"predecessor-version":[{"id":10096,"href":"http:\/\/kpvs.forma.sk\/index.php\/wp-json\/wp\/v2\/pages\/5\/revisions\/10096"}],"wp:attachment":[{"href":"http:\/\/kpvs.forma.sk\/index.php\/wp-json\/wp\/v2\/media?parent=5"}],"curies":[{"name":"wp","href":"https:\/\/api.w.org\/{rel}","templated":true}]}}